{"id":1869,"date":"2025-09-11T15:11:28","date_gmt":"2025-09-11T15:11:28","guid":{"rendered":"https:\/\/xn--freilichtbhne-hannmnden-lpcj.de\/?page_id=1869"},"modified":"2025-10-04T19:03:35","modified_gmt":"2025-10-04T19:03:35","slug":"info-fuer-bands-und-musiker","status":"publish","type":"page","link":"https:\/\/xn--freilichtbhne-hannmnden-lpcj.de\/?page_id=1869","title":{"rendered":"Info f\u00fcr Bands und Musiker"},"content":{"rendered":"\n<figure class=\"wp-block-image size-full\"><img loading=\"lazy\" decoding=\"async\" width=\"1024\" height=\"1024\" src=\"https:\/\/xn--freilichtbhne-hannmnden-lpcj.de\/wp-content\/uploads\/2025\/08\/d2be9e04-6e19-412c-ba9e-7583fa7e767e.jpeg\" alt=\"\" class=\"wp-image-1748\" srcset=\"https:\/\/xn--freilichtbhne-hannmnden-lpcj.de\/wp-content\/uploads\/2025\/08\/d2be9e04-6e19-412c-ba9e-7583fa7e767e.jpeg 1024w, https:\/\/xn--freilichtbhne-hannmnden-lpcj.de\/wp-content\/uploads\/2025\/08\/d2be9e04-6e19-412c-ba9e-7583fa7e767e-300x300.jpeg 300w, https:\/\/xn--freilichtbhne-hannmnden-lpcj.de\/wp-content\/uploads\/2025\/08\/d2be9e04-6e19-412c-ba9e-7583fa7e767e-150x150.jpeg 150w, https:\/\/xn--freilichtbhne-hannmnden-lpcj.de\/wp-content\/uploads\/2025\/08\/d2be9e04-6e19-412c-ba9e-7583fa7e767e-768x768.jpeg 768w, https:\/\/xn--freilichtbhne-hannmnden-lpcj.de\/wp-content\/uploads\/2025\/08\/d2be9e04-6e19-412c-ba9e-7583fa7e767e-100x100.jpeg 100w\" sizes=\"auto, (max-width: 767px) 89vw, (max-width: 1000px) 54vw, (max-width: 1071px) 543px, 580px\" \/><\/figure>\n\n\n\n<h2 class=\"wp-block-heading has-text-align-center\">Info f\u00fcr Bands und Musiker<\/h2>\n\n\n\n<p class=\"has-text-align-center has-pale-ocean-gradient-background has-background\">Ihr m\u00f6chtet gerne bei uns auf der Freilichtb\u00fchne auftreten? Dann seid ihr hier genau richtig. Das Programm Team beginnt gerade mit den Planungen f\u00fcr 2026. Musikalisch sind wir ziemlich breit aufgestellt von Oldies, Cover, Folk \u00fcber Indie Rock bis Metal.<\/p>\n\n\n\n<p class=\"has-text-align-center has-pale-ocean-gradient-background has-background\">Was wir euch bieten k\u00f6nnen: <br>Ein Konzert in einem unvergleichlichen Ambiente und ein super motiviertes Team von Ehrenamtlichen, die jeden Konzertabend zu einem besonderen Erlebnis f\u00fcr die K\u00fcnstler und Besucher machen m\u00f6chten. <br>Alle Konzerte bei uns sind Hutkonzerte, es gibt also keine feste Gage, wir sammeln w\u00e4hrend des Auftrittes der Bands, den Hut bekommen komplett die Bands. Wir versuchen m\u00f6glichst 2 passende Bands f\u00fcr einen Abend zu buchen. F\u00fcr Technik, Essen und Getr\u00e4nke ist nat\u00fcrlich gesorgt. Wenn ihr Lust habt bei uns aufzutreten, schickt bitte eine email mit kurzem Info \u00fcber euch und links zu Audio- und Video Clips an folgende Adresse: <br>Rudi Benkelberg<br><a href=\"http:\/\/mail to\">rudibenkelberg55@gmail.com<\/a><\/p>\n\n\n\n<p class=\"has-pale-ocean-gradient-background has-background\">Technische Ausstattung :<br>PA Equipment Freilichtb\u00fchne:<br>HK Audio Actor DX PA, 4x Sub ADX115, 2 x Top ADX 112, 3200W Systemleistung<br>Behringer X 32 Digitalmischpult<br>2x Behringer S16 Stagebox<br>4 &#8211; Monitorwege &#8211; 2x Fame SM 15DA MKIII Wedges, 1x HK Audio AE 120 Wedge, 1x The Box Pro DSX 115M Wedge, 6 Wege max m\u00f6glich<\/p>\n\n\n\n<p class=\"has-pale-ocean-gradient-background has-background\">Mikrofonie:<br>3x Shure SM 58 (Voc.)<br>1x Pronomic DM 58B (Voc.)<br>3 x Shure SM 57 (Git., drums, perc.)<br>1x Audix D6 (Kick)<br>1 x t.bone BD 300 (Kick)<br>3x t.bone MB 45 (Git.)<br>4x t.bone CD 65 (Snare, Toms)<br>2x t.bone EM 500 (Overhead)<br>1x Behringer BA 19A Grenzfl\u00e4chen Mikro<br>4x DI Box Millenium Pro DI-E<\/p>\n\n\n\n<p class=\"has-pale-ocean-gradient-background has-background\">Licht:<br>ADJ DMX Scene Setter<br>16 PAR 64 DMX Strahler<\/p>\n\n\n\n<p class=\"has-pale-ocean-gradient-background has-background\">Die B\u00fchne hat eine fest installierte \u00dcberdachung<\/p>\n\n\n\n<p class=\"has-pale-ocean-gradient-background has-background\">Bei technischen R\u00fcckfragen:<br>hans-georg@kletetzka.de<\/p>\n\n\n\n<p><\/p>\n\n\n\n<p><\/p>\n","protected":false},"excerpt":{"rendered":"<p>Info f\u00fcr Bands und Musiker Ihr m\u00f6chtet gerne bei uns auf der Freilichtb\u00fchne auftreten? Dann seid ihr hier genau richtig. Das Programm Team beginnt gerade mit den Planungen f\u00fcr 2026. Musikalisch sind wir ziemlich breit aufgestellt von Oldies, Cover, Folk \u00fcber Indie Rock bis Metal. Was wir euch bieten k\u00f6nnen: Ein Konzert in einem unvergleichlichen &hellip; <\/p>\n<p class=\"link-more\"><a href=\"https:\/\/xn--freilichtbhne-hannmnden-lpcj.de\/?page_id=1869\" class=\"more-link\"><span class=\"screen-reader-text\">\u201eInfo f\u00fcr Bands und Musiker\u201c<\/span> weiterlesen<\/a><\/p>\n","protected":false},"author":1,"featured_media":0,"parent":0,"menu_order":0,"comment_status":"closed","ping_status":"closed","template":"","meta":{"footnotes":""},"class_list":["post-1869","page","type-page","status-publish","hentry"],"_links":{"self":[{"href":"https:\/\/xn--freilichtbhne-hannmnden-lpcj.de\/index.php?rest_route=\/wp\/v2\/pages\/1869","targetHints":{"allow":["GET"]}}],"collection":[{"href":"https:\/\/xn--freilichtbhne-hannmnden-lpcj.de\/index.php?rest_route=\/wp\/v2\/pages"}],"about":[{"href":"https:\/\/xn--freilichtbhne-hannmnden-lpcj.de\/index.php?rest_route=\/wp\/v2\/types\/page"}],"author":[{"embeddable":true,"href":"https:\/\/xn--freilichtbhne-hannmnden-lpcj.de\/index.php?rest_route=\/wp\/v2\/users\/1"}],"replies":[{"embeddable":true,"href":"https:\/\/xn--freilichtbhne-hannmnden-lpcj.de\/index.php?rest_route=%2Fwp%2Fv2%2Fcomments&post=1869"}],"version-history":[{"count":23,"href":"https:\/\/xn--freilichtbhne-hannmnden-lpcj.de\/index.php?rest_route=\/wp\/v2\/pages\/1869\/revisions"}],"predecessor-version":[{"id":1949,"href":"https:\/\/xn--freilichtbhne-hannmnden-lpcj.de\/index.php?rest_route=\/wp\/v2\/pages\/1869\/revisions\/1949"}],"wp:attachment":[{"href":"https:\/\/xn--freilichtbhne-hannmnden-lpcj.de\/index.php?rest_route=%2Fwp%2Fv2%2Fmedia&parent=1869"}],"curies":[{"name":"wp","href":"https:\/\/api.w.org\/{rel}","templated":true}]}}