{"id":2,"date":"2016-05-10T03:48:21","date_gmt":"2016-05-10T03:48:21","guid":{"rendered":"http:\/\/xn--freilichtbhne-hannmnden-lpcj.de\/?page_id=2"},"modified":"2026-03-28T11:05:13","modified_gmt":"2026-03-28T11:05:13","slug":"sample-page","status":"publish","type":"page","link":"https:\/\/xn--freilichtbhne-hannmnden-lpcj.de\/","title":{"rendered":"Freilichtb\u00fchne Hann. M\u00fcnden"},"content":{"rendered":"<div class=\"wp-block-image\">\n<figure class=\"aligncenter size-full\"><img loading=\"lazy\" decoding=\"async\" width=\"1024\" height=\"1024\" src=\"https:\/\/xn--freilichtbhne-hannmnden-lpcj.de\/wp-content\/uploads\/2025\/08\/d2be9e04-6e19-412c-ba9e-7583fa7e767e.jpeg\" alt=\"\" class=\"wp-image-1748\" srcset=\"https:\/\/xn--freilichtbhne-hannmnden-lpcj.de\/wp-content\/uploads\/2025\/08\/d2be9e04-6e19-412c-ba9e-7583fa7e767e.jpeg 1024w, https:\/\/xn--freilichtbhne-hannmnden-lpcj.de\/wp-content\/uploads\/2025\/08\/d2be9e04-6e19-412c-ba9e-7583fa7e767e-300x300.jpeg 300w, https:\/\/xn--freilichtbhne-hannmnden-lpcj.de\/wp-content\/uploads\/2025\/08\/d2be9e04-6e19-412c-ba9e-7583fa7e767e-150x150.jpeg 150w, https:\/\/xn--freilichtbhne-hannmnden-lpcj.de\/wp-content\/uploads\/2025\/08\/d2be9e04-6e19-412c-ba9e-7583fa7e767e-768x768.jpeg 768w, https:\/\/xn--freilichtbhne-hannmnden-lpcj.de\/wp-content\/uploads\/2025\/08\/d2be9e04-6e19-412c-ba9e-7583fa7e767e-100x100.jpeg 100w\" sizes=\"auto, (max-width: 767px) 89vw, (max-width: 1000px) 54vw, (max-width: 1071px) 543px, 580px\" \/><\/figure><\/div>\n\n\n<p class=\"has-text-align-center\"><\/p>\n\n\n\n<p class=\"has-text-align-center has-pale-ocean-gradient-background has-background\"><strong>Herzlich willkommen auf der offiziellen Homepage der Freilichtb\u00fchne \u2013 Hann. M\u00fcnden<\/strong>! <br>Wir informieren Sie \u00fcber die Entstehung der Freilichtb\u00fchne und der sp\u00e4teren Umbauphase, zeigen Ihnen, wo Sie uns finden und berichten \u00fcber fr\u00fchere und kommende Veranstaltungen. <br>Die Freilichtb\u00fchne &#8222;Tannenkamp&#8220; liegt idyllisch in einem kleinen Tal,<br>das durch einen fr\u00fcheren Steinbruch gebildet wird, im Stadtteil Kattenb\u00fchl.<br>Sie ist gut zu Fu\u00df zu erreichen und bietet 300-400 Zuschauern Platz.Besuchen Sie uns doch einmal bei einer Veranstaltung oder nehmen Sie sich Zeit zu einem&nbsp;Spaziergang zur Freilichtb\u00fchne.<br>Genie\u00dfen Sie die Natur oder lassen Sie sich von Ihrer Fantasie inspirieren. St\u00f6bern Sie in unserer Homepage und kontakten Sie uns. Wir sind dankbar f\u00fcr Anregungen, Lob, aber auch Kritik. <br>Ihr Team von der Freilichtb\u00fchne in Hann. M\u00fcnden<\/p>\n\n\n\n<p class=\"has-text-align-center\"><\/p>\n\n\n\n<h3 class=\"wp-block-heading has-text-align-center has-pale-ocean-gradient-background has-background\"><strong>Die N\u00e4chsten Veranstaltungen<\/strong><\/h3>\n\n\n\n<p class=\"has-text-align-center\">2026!<\/p>\n\n\n\n<p>Hier kommt unser Ausblick auf die neue Saison!<\/p>\n\n\n\n<div class=\"wp-block-group\"><div class=\"wp-block-group__inner-container is-layout-constrained wp-block-group-is-layout-constrained\">\n<figure class=\"wp-block-gallery has-nested-images columns-default is-cropped wp-block-gallery-1 is-layout-flex wp-block-gallery-is-layout-flex\">\n<figure class=\"wp-block-image size-large is-style-default\"><img loading=\"lazy\" decoding=\"async\" width=\"512\" height=\"863\" data-id=\"1968\" src=\"https:\/\/xn--freilichtbhne-hannmnden-lpcj.de\/wp-content\/uploads\/2026\/03\/008ad065-3cb2-441c-b8e2-94a9b81c4a57-3.jpeg\" alt=\"\" class=\"wp-image-1968\" srcset=\"https:\/\/xn--freilichtbhne-hannmnden-lpcj.de\/wp-content\/uploads\/2026\/03\/008ad065-3cb2-441c-b8e2-94a9b81c4a57-3.jpeg 512w, https:\/\/xn--freilichtbhne-hannmnden-lpcj.de\/wp-content\/uploads\/2026\/03\/008ad065-3cb2-441c-b8e2-94a9b81c4a57-3-178x300.jpeg 178w\" sizes=\"auto, (max-width: 512px) 100vw, 512px\" \/><\/figure>\n<\/figure>\n<\/div><\/div>\n\n\n\n<figure class=\"wp-block-gallery has-nested-images columns-default is-cropped wp-block-gallery-2 is-layout-flex wp-block-gallery-is-layout-flex\">\n<figure class=\"wp-block-image size-large\"><img loading=\"lazy\" decoding=\"async\" width=\"480\" height=\"1024\" data-id=\"1967\" src=\"https:\/\/xn--freilichtbhne-hannmnden-lpcj.de\/wp-content\/uploads\/2026\/03\/a9f281bb-5637-4d1d-b049-0c1f3dce6833-4-480x1024.jpeg\" alt=\"\" class=\"wp-image-1967\" srcset=\"https:\/\/xn--freilichtbhne-hannmnden-lpcj.de\/wp-content\/uploads\/2026\/03\/a9f281bb-5637-4d1d-b049-0c1f3dce6833-4-480x1024.jpeg 480w, https:\/\/xn--freilichtbhne-hannmnden-lpcj.de\/wp-content\/uploads\/2026\/03\/a9f281bb-5637-4d1d-b049-0c1f3dce6833-4-141x300.jpeg 141w, https:\/\/xn--freilichtbhne-hannmnden-lpcj.de\/wp-content\/uploads\/2026\/03\/a9f281bb-5637-4d1d-b049-0c1f3dce6833-4.jpeg 536w\" sizes=\"auto, (max-width: 480px) 100vw, 480px\" \/><\/figure>\n<\/figure>\n\n\n\n<figure class=\"wp-block-image size-full\"><img loading=\"lazy\" decoding=\"async\" width=\"499\" height=\"689\" src=\"https:\/\/xn--freilichtbhne-hannmnden-lpcj.de\/wp-content\/uploads\/2026\/03\/a9f281bb-5637-4d1d-b049-0c1f3dce6833-3.jpeg\" alt=\"\" class=\"wp-image-1966\" srcset=\"https:\/\/xn--freilichtbhne-hannmnden-lpcj.de\/wp-content\/uploads\/2026\/03\/a9f281bb-5637-4d1d-b049-0c1f3dce6833-3.jpeg 499w, https:\/\/xn--freilichtbhne-hannmnden-lpcj.de\/wp-content\/uploads\/2026\/03\/a9f281bb-5637-4d1d-b049-0c1f3dce6833-3-217x300.jpeg 217w\" sizes=\"auto, (max-width: 499px) 100vw, 499px\" \/><\/figure>\n\n\n\n<figure class=\"wp-block-image size-full\"><img loading=\"lazy\" decoding=\"async\" width=\"549\" height=\"450\" src=\"https:\/\/xn--freilichtbhne-hannmnden-lpcj.de\/wp-content\/uploads\/2026\/03\/a9f281bb-5637-4d1d-b049-0c1f3dce6833-2.jpeg\" alt=\"\" class=\"wp-image-1965\" srcset=\"https:\/\/xn--freilichtbhne-hannmnden-lpcj.de\/wp-content\/uploads\/2026\/03\/a9f281bb-5637-4d1d-b049-0c1f3dce6833-2.jpeg 549w, https:\/\/xn--freilichtbhne-hannmnden-lpcj.de\/wp-content\/uploads\/2026\/03\/a9f281bb-5637-4d1d-b049-0c1f3dce6833-2-300x246.jpeg 300w\" sizes=\"auto, (max-width: 549px) 100vw, 549px\" \/><\/figure>\n\n\n\n<figure class=\"wp-block-image size-full\"><img loading=\"lazy\" decoding=\"async\" width=\"499\" height=\"525\" src=\"https:\/\/xn--freilichtbhne-hannmnden-lpcj.de\/wp-content\/uploads\/2026\/03\/a9f281bb-5637-4d1d-b049-0c1f3dce6833-1.jpeg\" alt=\"\" class=\"wp-image-1964\" srcset=\"https:\/\/xn--freilichtbhne-hannmnden-lpcj.de\/wp-content\/uploads\/2026\/03\/a9f281bb-5637-4d1d-b049-0c1f3dce6833-1.jpeg 499w, https:\/\/xn--freilichtbhne-hannmnden-lpcj.de\/wp-content\/uploads\/2026\/03\/a9f281bb-5637-4d1d-b049-0c1f3dce6833-1-285x300.jpeg 285w\" sizes=\"auto, (max-width: 499px) 100vw, 499px\" \/><\/figure>\n\n\n\n<figure class=\"wp-block-image size-full\"><img loading=\"lazy\" decoding=\"async\" width=\"479\" height=\"664\" src=\"https:\/\/xn--freilichtbhne-hannmnden-lpcj.de\/wp-content\/uploads\/2026\/03\/a9f281bb-5637-4d1d-b049-0c1f3dce6833.jpeg\" alt=\"\" class=\"wp-image-1963\" srcset=\"https:\/\/xn--freilichtbhne-hannmnden-lpcj.de\/wp-content\/uploads\/2026\/03\/a9f281bb-5637-4d1d-b049-0c1f3dce6833.jpeg 479w, https:\/\/xn--freilichtbhne-hannmnden-lpcj.de\/wp-content\/uploads\/2026\/03\/a9f281bb-5637-4d1d-b049-0c1f3dce6833-216x300.jpeg 216w\" sizes=\"auto, (max-width: 479px) 100vw, 479px\" \/><\/figure>\n\n\n\n<figure class=\"wp-block-image size-large\"><img loading=\"lazy\" decoding=\"async\" width=\"457\" height=\"1024\" src=\"https:\/\/xn--freilichtbhne-hannmnden-lpcj.de\/wp-content\/uploads\/2026\/03\/008ad065-3cb2-441c-b8e2-94a9b81c4a57-2-457x1024.jpeg\" alt=\"\" class=\"wp-image-1962\" srcset=\"https:\/\/xn--freilichtbhne-hannmnden-lpcj.de\/wp-content\/uploads\/2026\/03\/008ad065-3cb2-441c-b8e2-94a9b81c4a57-2-457x1024.jpeg 457w, https:\/\/xn--freilichtbhne-hannmnden-lpcj.de\/wp-content\/uploads\/2026\/03\/008ad065-3cb2-441c-b8e2-94a9b81c4a57-2-134x300.jpeg 134w, https:\/\/xn--freilichtbhne-hannmnden-lpcj.de\/wp-content\/uploads\/2026\/03\/008ad065-3cb2-441c-b8e2-94a9b81c4a57-2.jpeg 517w\" sizes=\"auto, (max-width: 457px) 100vw, 457px\" \/><\/figure>\n\n\n\n<figure class=\"wp-block-image size-full\"><img loading=\"lazy\" decoding=\"async\" width=\"496\" height=\"452\" src=\"https:\/\/xn--freilichtbhne-hannmnden-lpcj.de\/wp-content\/uploads\/2026\/03\/008ad065-3cb2-441c-b8e2-94a9b81c4a57-1.jpeg\" alt=\"\" class=\"wp-image-1961\" srcset=\"https:\/\/xn--freilichtbhne-hannmnden-lpcj.de\/wp-content\/uploads\/2026\/03\/008ad065-3cb2-441c-b8e2-94a9b81c4a57-1.jpeg 496w, https:\/\/xn--freilichtbhne-hannmnden-lpcj.de\/wp-content\/uploads\/2026\/03\/008ad065-3cb2-441c-b8e2-94a9b81c4a57-1-300x273.jpeg 300w\" sizes=\"auto, (max-width: 496px) 100vw, 496px\" \/><\/figure>\n\n\n\n<figure class=\"wp-block-image size-full\"><img loading=\"lazy\" decoding=\"async\" width=\"514\" height=\"536\" src=\"https:\/\/xn--freilichtbhne-hannmnden-lpcj.de\/wp-content\/uploads\/2026\/03\/008ad065-3cb2-441c-b8e2-94a9b81c4a57.jpeg\" alt=\"\" class=\"wp-image-1960\" srcset=\"https:\/\/xn--freilichtbhne-hannmnden-lpcj.de\/wp-content\/uploads\/2026\/03\/008ad065-3cb2-441c-b8e2-94a9b81c4a57.jpeg 514w, https:\/\/xn--freilichtbhne-hannmnden-lpcj.de\/wp-content\/uploads\/2026\/03\/008ad065-3cb2-441c-b8e2-94a9b81c4a57-288x300.jpeg 288w\" sizes=\"auto, (max-width: 514px) 100vw, 514px\" \/><\/figure>\n","protected":false},"excerpt":{"rendered":"<p>Herzlich willkommen auf der offiziellen Homepage der Freilichtb\u00fchne \u2013 Hann. M\u00fcnden! Wir informieren Sie \u00fcber die Entstehung der Freilichtb\u00fchne und der sp\u00e4teren Umbauphase, zeigen Ihnen, wo Sie uns finden und berichten \u00fcber fr\u00fchere und kommende Veranstaltungen. Die Freilichtb\u00fchne &#8222;Tannenkamp&#8220; liegt idyllisch in einem kleinen Tal,das durch einen fr\u00fcheren Steinbruch gebildet wird, im Stadtteil Kattenb\u00fchl.Sie ist &hellip; <\/p>\n<p class=\"link-more\"><a href=\"https:\/\/xn--freilichtbhne-hannmnden-lpcj.de\/\" class=\"more-link\"><span class=\"screen-reader-text\">\u201eFreilichtb\u00fchne Hann. M\u00fcnden\u201c<\/span> weiterlesen<\/a><\/p>\n","protected":false},"author":1,"featured_media":1983,"parent":0,"menu_order":0,"comment_status":"closed","ping_status":"closed","template":"","meta":{"footnotes":""},"class_list":["post-2","page","type-page","status-publish","has-post-thumbnail","hentry"],"_links":{"self":[{"href":"https:\/\/xn--freilichtbhne-hannmnden-lpcj.de\/index.php?rest_route=\/wp\/v2\/pages\/2","targetHints":{"allow":["GET"]}}],"collection":[{"href":"https:\/\/xn--freilichtbhne-hannmnden-lpcj.de\/index.php?rest_route=\/wp\/v2\/pages"}],"about":[{"href":"https:\/\/xn--freilichtbhne-hannmnden-lpcj.de\/index.php?rest_route=\/wp\/v2\/types\/page"}],"author":[{"embeddable":true,"href":"https:\/\/xn--freilichtbhne-hannmnden-lpcj.de\/index.php?rest_route=\/wp\/v2\/users\/1"}],"replies":[{"embeddable":true,"href":"https:\/\/xn--freilichtbhne-hannmnden-lpcj.de\/index.php?rest_route=%2Fwp%2Fv2%2Fcomments&post=2"}],"version-history":[{"count":220,"href":"https:\/\/xn--freilichtbhne-hannmnden-lpcj.de\/index.php?rest_route=\/wp\/v2\/pages\/2\/revisions"}],"predecessor-version":[{"id":1979,"href":"https:\/\/xn--freilichtbhne-hannmnden-lpcj.de\/index.php?rest_route=\/wp\/v2\/pages\/2\/revisions\/1979"}],"wp:featuredmedia":[{"embeddable":true,"href":"https:\/\/xn--freilichtbhne-hannmnden-lpcj.de\/index.php?rest_route=\/wp\/v2\/media\/1983"}],"wp:attachment":[{"href":"https:\/\/xn--freilichtbhne-hannmnden-lpcj.de\/index.php?rest_route=%2Fwp%2Fv2%2Fmedia&parent=2"}],"curies":[{"name":"wp","href":"https:\/\/api.w.org\/{rel}","templated":true}]}}