{"id":29,"date":"2019-11-06T16:37:04","date_gmt":"2019-11-06T16:37:04","guid":{"rendered":"http:\/\/xn--freilichtbhne-hannmnden-lpcj.de\/?page_id=29"},"modified":"2025-10-04T19:05:47","modified_gmt":"2025-10-04T19:05:47","slug":"foerderverein","status":"publish","type":"page","link":"https:\/\/xn--freilichtbhne-hannmnden-lpcj.de\/?page_id=29","title":{"rendered":"F\u00f6rderverein"},"content":{"rendered":"<div class=\"wp-block-image\">\n<figure class=\"aligncenter size-medium\"><img loading=\"lazy\" decoding=\"async\" width=\"300\" height=\"300\" src=\"https:\/\/xn--freilichtbhne-hannmnden-lpcj.de\/wp-content\/uploads\/2025\/08\/d2be9e04-6e19-412c-ba9e-7583fa7e767e-300x300.jpeg\" alt=\"\" class=\"wp-image-1748\" srcset=\"https:\/\/xn--freilichtbhne-hannmnden-lpcj.de\/wp-content\/uploads\/2025\/08\/d2be9e04-6e19-412c-ba9e-7583fa7e767e-300x300.jpeg 300w, https:\/\/xn--freilichtbhne-hannmnden-lpcj.de\/wp-content\/uploads\/2025\/08\/d2be9e04-6e19-412c-ba9e-7583fa7e767e-150x150.jpeg 150w, https:\/\/xn--freilichtbhne-hannmnden-lpcj.de\/wp-content\/uploads\/2025\/08\/d2be9e04-6e19-412c-ba9e-7583fa7e767e-768x768.jpeg 768w, https:\/\/xn--freilichtbhne-hannmnden-lpcj.de\/wp-content\/uploads\/2025\/08\/d2be9e04-6e19-412c-ba9e-7583fa7e767e-100x100.jpeg 100w, https:\/\/xn--freilichtbhne-hannmnden-lpcj.de\/wp-content\/uploads\/2025\/08\/d2be9e04-6e19-412c-ba9e-7583fa7e767e.jpeg 1024w\" sizes=\"auto, (max-width: 300px) 100vw, 300px\" \/><\/figure><\/div>\n\n\n<p><strong>Sinn und Zweck des&nbsp;\u201eF\u00f6rdervereins zum Erhalt und zur Wiederherstellung der historischen Freilichtb\u00fchne am Kattenb\u00fchl\u201c e.V.<\/strong><\/p>\n\n\n\n<p class=\"has-pale-ocean-gradient-background has-background\">Der F\u00f6rderverein hat es sich nicht nur zur Aufgabe gemacht das Gel\u00e4nde rund um die Freilichtb\u00fchne nebst Zuwege instand zu setzen, zu pflegen und f\u00fcr die Nachwelt zu erhalten, sondern auch nutzbar zu machen und jungen und alten K\u00fcnstlern wie zum Beispiel Bands und Theatergruppen aus der Region die M\u00f6glichkeit zu bieten hier ihre Talente und K\u00f6nnen anderen interessierten B\u00fcrgerinnen und B\u00fcrgern darzubieten. Dar\u00fcber hinaus ist es Ziel des Vereins, das Gel\u00e4nde der Freilichtb\u00fchne nahezu wieder so herzustellen wie es auf dem alten Foto unserer Startseite zu sehen ist.&nbsp;Um das alles zu erreichen und zu finanzieren, ist der Verein nat\u00fcrlich immer wieder auf Spenden angewiesen, weshalb auch bei jeder Veranstaltung das Publikum um Spenden f\u00fcr den F\u00f6rderverein und f\u00fcr die Akteure auf der B\u00fchne gebeten wird.&nbsp;Ebenso freut sich der Vorstand \u00fcber Jeden, der bereit ist dem Verein bei dieser Vision zur Seite zu stehen. Der Mitgliedsbeitrag ist deshalb auch nicht in Stein gemei\u00dfelt. Jeder kann selbst bestimmen was ihm eine Mitgliedschaft wert ist. Schon ab 12 Euro im Jahr ist man Mitglied. Nach oben ist keine Grenze gesetzt. Eine ehrenamtliche, aktive Mitarbeit ist erw\u00fcnscht aber nicht Voraussetzung f\u00fcr eine Mitgliedschaft.&nbsp;<\/p>\n\n\n\n<p class=\"has-pale-ocean-gradient-background has-background\"><a href=\"https:\/\/xn--freilichtbhne-hannmnden-lpcj.de\/wp-content\/uploads\/2024\/06\/Mitgliedsantrag.pdf\">Mitgliedsantrag<\/a> zum Ausdrucken<\/p>\n\n\n\n<p class=\"has-pale-ocean-gradient-background has-background\"><a href=\"https:\/\/xn--freilichtbhne-hannmnden-lpcj.de\/wp-content\/uploads\/2020\/01\/Satzung.pdf\">Satzung <\/a>des <strong>\u201eF\u00f6rdervereins zum Erhalt und zur Wiederherstellung der historischen Freilichtb\u00fchne am Kattenb\u00fchl\u201c e.V.<\/strong><\/p>\n","protected":false},"excerpt":{"rendered":"<p>Sinn und Zweck des&nbsp;\u201eF\u00f6rdervereins zum Erhalt und zur Wiederherstellung der historischen Freilichtb\u00fchne am Kattenb\u00fchl\u201c e.V. Der F\u00f6rderverein hat es sich nicht nur zur Aufgabe gemacht das Gel\u00e4nde rund um die Freilichtb\u00fchne nebst Zuwege instand zu setzen, zu pflegen und f\u00fcr die Nachwelt zu erhalten, sondern auch nutzbar zu machen und jungen und alten K\u00fcnstlern wie &hellip; <\/p>\n<p class=\"link-more\"><a href=\"https:\/\/xn--freilichtbhne-hannmnden-lpcj.de\/?page_id=29\" class=\"more-link\"><span class=\"screen-reader-text\">\u201eF\u00f6rderverein\u201c<\/span> weiterlesen<\/a><\/p>\n","protected":false},"author":1,"featured_media":0,"parent":0,"menu_order":0,"comment_status":"closed","ping_status":"closed","template":"","meta":{"footnotes":""},"class_list":["post-29","page","type-page","status-publish","hentry"],"_links":{"self":[{"href":"https:\/\/xn--freilichtbhne-hannmnden-lpcj.de\/index.php?rest_route=\/wp\/v2\/pages\/29","targetHints":{"allow":["GET"]}}],"collection":[{"href":"https:\/\/xn--freilichtbhne-hannmnden-lpcj.de\/index.php?rest_route=\/wp\/v2\/pages"}],"about":[{"href":"https:\/\/xn--freilichtbhne-hannmnden-lpcj.de\/index.php?rest_route=\/wp\/v2\/types\/page"}],"author":[{"embeddable":true,"href":"https:\/\/xn--freilichtbhne-hannmnden-lpcj.de\/index.php?rest_route=\/wp\/v2\/users\/1"}],"replies":[{"embeddable":true,"href":"https:\/\/xn--freilichtbhne-hannmnden-lpcj.de\/index.php?rest_route=%2Fwp%2Fv2%2Fcomments&post=29"}],"version-history":[{"count":15,"href":"https:\/\/xn--freilichtbhne-hannmnden-lpcj.de\/index.php?rest_route=\/wp\/v2\/pages\/29\/revisions"}],"predecessor-version":[{"id":1955,"href":"https:\/\/xn--freilichtbhne-hannmnden-lpcj.de\/index.php?rest_route=\/wp\/v2\/pages\/29\/revisions\/1955"}],"wp:attachment":[{"href":"https:\/\/xn--freilichtbhne-hannmnden-lpcj.de\/index.php?rest_route=%2Fwp%2Fv2%2Fmedia&parent=29"}],"curies":[{"name":"wp","href":"https:\/\/api.w.org\/{rel}","templated":true}]}}