{"id":360,"date":"2019-11-09T20:21:19","date_gmt":"2019-11-09T20:21:19","guid":{"rendered":"http:\/\/xn--freilichtbhne-hannmnden-lpcj.de\/?page_id=360"},"modified":"2026-03-28T11:02:10","modified_gmt":"2026-03-28T11:02:10","slug":"veranstaltungen","status":"publish","type":"page","link":"https:\/\/xn--freilichtbhne-hannmnden-lpcj.de\/?page_id=360","title":{"rendered":"Veranstaltungen"},"content":{"rendered":"<div class=\"wp-block-image\">\n<figure class=\"aligncenter size-medium is-resized\"><img loading=\"lazy\" decoding=\"async\" width=\"300\" height=\"300\" src=\"https:\/\/xn--freilichtbhne-hannmnden-lpcj.de\/wp-content\/uploads\/2025\/08\/d2be9e04-6e19-412c-ba9e-7583fa7e767e-300x300.jpeg\" alt=\"\" class=\"wp-image-1748\" style=\"width:300px;height:300px\" srcset=\"https:\/\/xn--freilichtbhne-hannmnden-lpcj.de\/wp-content\/uploads\/2025\/08\/d2be9e04-6e19-412c-ba9e-7583fa7e767e-300x300.jpeg 300w, https:\/\/xn--freilichtbhne-hannmnden-lpcj.de\/wp-content\/uploads\/2025\/08\/d2be9e04-6e19-412c-ba9e-7583fa7e767e-150x150.jpeg 150w, https:\/\/xn--freilichtbhne-hannmnden-lpcj.de\/wp-content\/uploads\/2025\/08\/d2be9e04-6e19-412c-ba9e-7583fa7e767e-768x768.jpeg 768w, https:\/\/xn--freilichtbhne-hannmnden-lpcj.de\/wp-content\/uploads\/2025\/08\/d2be9e04-6e19-412c-ba9e-7583fa7e767e-100x100.jpeg 100w, https:\/\/xn--freilichtbhne-hannmnden-lpcj.de\/wp-content\/uploads\/2025\/08\/d2be9e04-6e19-412c-ba9e-7583fa7e767e.jpeg 1024w\" sizes=\"auto, (max-width: 300px) 100vw, 300px\" \/><\/figure><\/div>\n\n\n<p class=\"has-very-dark-gray-color has-pale-ocean-gradient-background has-text-color has-background\"><strong>Veranstaltungen 2026<\/strong>:<\/p>\n\n\n\n<p class=\"has-pale-ocean-gradient-background has-background\">02.05. LWFLD &amp; Weiser &#8211; Indie Pop<br>16.05. Maiks Birthday Bash: Jungfrau M\u00e4nnlich Deluxe &amp; Decent Romantics &amp; Zurya<br>30.05. Punk Im Wald: Cluburlaub &amp; Laermprozess<br>06.06. Wild2Night &#8211; 80\u2018s Cover Band<br>13.06. 50 Years Of Decibels: Stefan\u2018s B\u00fchnenjubil\u00e4um mit Dukes Of LA, One Bar Town, The Hitchin\u2018 Post, More Songs About Sex, The O-Tunes, NichtgeradediefeineArt, Fingerprinz, B.Rockhouse\u2026<br>04.07. Muddy What? &amp; Hartberg &#8211; Blues, Acoustic Cover<br>25.07. Stevie X &#8211; Rock Cover Band<br>01.08. Phil Miller &amp; The Mills-Tones &#8211; Soul &amp; Blues Big Band<br>15.08. Melantonic &amp; Decent Romantics Duo &#8211; Alternative Rock<br>30.08. Tampenjungs &amp; G\u00e4ste &#8211; Shantys<br>05.08. 40 Jahre Mortal Terror &amp; G\u00e4ste &#8211; Thrash Metal<\/p>\n\n\n\n<p><\/p>\n\n\n\n<figure class=\"wp-block-gallery has-nested-images columns-default is-cropped wp-block-gallery-1 is-layout-flex wp-block-gallery-is-layout-flex\"><\/figure>\n\n\n\n<p class=\"has-pale-ocean-gradient-background has-background\"><strong>Archiv:<\/strong><\/p>\n\n\n\n<p class=\"has-pale-ocean-gradient-background has-background\"><strong>2025:<\/strong> <br>27.09. Von Monstern u. Flausen &amp; Kleiner Als Drei&nbsp;<br>20.09. Decent Romantics &amp; More Songs About Sex<br>06.09. Ludwig Wright&nbsp;&amp; Sanmir<br>23.08. Party: Pfandpiraten &amp; Nancy And I&nbsp;<br>16.08. Punk im Wald: <br>For Next Time &amp; Audiokill&nbsp;<br>26.07. Die Legende Von Nord &amp; Confetti Cocktail<br>05.07. Beeline&nbsp;&amp; 4friends<br>29.06. Shantys und Fischbr\u00f6tchen im Wald mit den \u201eTampenjungs\u201c<br>24.05. System Of Toxicity &amp; Raw<br>17.05. \u00c4rzte ohne Grenzen Benefiz: <br>Flashback To The 60\u2018s &#8211; ocean.eyes &#8211; <br>Hot Docs &#8211; Hutsbr\u00fcder<\/p>\n\n\n\n<p class=\"has-pale-ocean-gradient-background has-background\"><strong>2024:<\/strong><br>21.09.2024 Konzert: More Songs\u2026Acoustic Sessions &amp; Andreas Leinemann<br>07.09.2024 Konzert: Chaos Path &amp; Bastard<br>31.08.2024 &#8211; Konzert: Punk im Wald mit AEGAL &amp; Audiokill<br>24.08.2024 &#8211; Konzert: Hutsbr\u00fcder<br>10.08.2024 &#8211; Konzert: Splendors &amp; Kleiner Als Drei<br>03.08.2024 &#8211; Konzert: Ludwig Wright<br>27.07.2024- Konzert: Beeline<br>08.06.2024- Konzert: Psycho Juniors<br>01.06.2024 &#8211; Konzert: Happy Ukuleles &amp; Michael Holderbusch<\/p>\n\n\n\n<p><\/p>\n\n\n\n<p class=\"has-pale-ocean-gradient-background has-background\"><strong>2023:<\/strong><br>30.09.2023 &#8211; KONZERT Ampyred &amp; Burning Helmet<br>16.09.2023 &#8211; KONZERT Decent Romantics &amp; Feivels Five<br>01.09.2023 &#8211; KONZERT Mortal Terror &amp; Victim<br>27.08.2023 &#8211; LESUNG Leseduo Wilder Mohn &#8211; Lesung f\u00fcr Kinder 15:00<br>26.08.2023 &#8211; KONZERT Michael Holderbusch &amp; Happy Ukuleles<br>22.07.2023 &#8211; KONZERT Jai Larkan<br>15.07.2023 &#8211; KONZERT Psycho Junior (The Bates Tribute Band)<br>08.07.2023 &#8211; KONZERT Die Legende von Nord<br>07.07.2023 &#8211; KONZERT A.C.K. &amp; L\u00e9s P\u00fcnks<br>02.07.2023 &#8211; LESUNG Leseduo Wilder Mohn &#8211; Matinee 11:00<br>24.06.2023 &#8211; KONZERT Wrecking Ball &amp; Barrel Of Dirt<br>17.06.2023 &#8211; KONZERT Andre Deiniger<br>03.06.2023 &#8211; FESTIVAL mit Hutsbr\u00fcder, Rostfrei und Yugonaughty<br>13.05.2023 &#8211; KONZERT Abbey Lane (Beatles Tribute Band)<br>25.03.2023 &#8211; Ostermarkt<\/p>\n\n\n\n<p class=\"has-pale-ocean-gradient-background has-background\"><strong>2022<\/strong>:<br>08.10.2022 &#8211; Herbstmarkt ab 11:00<br>03.09.2022 &#8211; KONZERT &#8211; Punk Im Wald mit For Next Time und Pink Poison<br>27.08.2022 &#8211; KONZERT &#8211; Jay Larkan<br>13.08.2022 &#8211; KONZERT &#8211; Keen Guitar Friends<br>01.07.2022 &#8211; KONZERT &#8211; Mortal Terror and special guest Burning Helmet<br>25..06.2022 &#8211; Gottesdienst ev.-ref- Gemeinde mit anschlie\u00dfendem Grillen<br>24.06.2022 &#8211; KONZERT &#8211; Record Release Party: More Songs About Sex and special guest Nancy And I<br>18.06.2022 &#8211; KONZERT &#8211; Benefiz Festival &#8222;40 Jahre Hospizarbeit in M\u00fcnden&#8220; das ambulante Hospiz Alpha und das station\u00e4re AWO Hospiz Hann. M\u00fcnden laden ein.<br>&#8222;Tod und Sterben in der Rockmusik&#8220; mit ocean.eyes, Kent Nielsen, Leroys und More Songs About Life an Death<br>18.06.2022 &#8211; Konfirmandengottesdienst ev.-luth. Gemeinde<br>15.06.2022 &#8211; Gottesdienst der Freien Kirchen Gemeinde<br>04.06.2022 &#8211; KONZERT &#8211; Benefiz Festival zu Gunsten der &#8222;Barber Angels Brotherhood&#8220; mit CupZilla, Decent Romatics und halbsowild<br>26.05.2022 &#8211; Himmelfahrtsgottesdienst ev.-ref- Gemeinde<br>21.05.2022 &#8211; KONZERT Decent Romantics<br>15.05.2022 &#8211; Gottesdienst neuapostolische Gemeinde<br>14.05.2022 &#8211; Konfirmandengottesdienst ev.-ref- Gemeinde<br>07.05.2022 &#8211; KONZERT Happy Ukuleles<br>30.04.2022 &#8211; Lesung &#8222;Hexengeschichten zur Walpurgisnacht&#8220; mit Marie Anne Langefeld<br>23.04.2022 &#8211; Fr\u00fchlingsmarkt<\/p>\n\n\n\n<p class=\"has-pale-ocean-gradient-background has-background\"><strong>2021<\/strong>:<br>25.09.2021 &#8211; Cupzilla und Decent Romantics<br>11.09.2021 &#8211; More Songs About Sex<br>04.09.2021 &#8211; Michael Holderbusch<br>21.08.2021 &#8211; Keen Guitar Friends<br>20.08.2021 &#8211; Decent Romantics<br>14.08.2021 &#8211; Die Legende von Nord<br>31.07.2021 &#8211; Jai Larkan<\/p>\n\n\n\n<p><\/p>\n","protected":false},"excerpt":{"rendered":"<p>Veranstaltungen 2026: 02.05. LWFLD &amp; Weiser &#8211; Indie Pop16.05. Maiks Birthday Bash: Jungfrau M\u00e4nnlich Deluxe &amp; Decent Romantics &amp; Zurya30.05. Punk Im Wald: Cluburlaub &amp; Laermprozess06.06. Wild2Night &#8211; 80\u2018s Cover Band13.06. 50 Years Of Decibels: Stefan\u2018s B\u00fchnenjubil\u00e4um mit Dukes Of LA, One Bar Town, The Hitchin\u2018 Post, More Songs About Sex, The O-Tunes, NichtgeradediefeineArt, Fingerprinz, &hellip; <\/p>\n<p class=\"link-more\"><a href=\"https:\/\/xn--freilichtbhne-hannmnden-lpcj.de\/?page_id=360\" class=\"more-link\"><span class=\"screen-reader-text\">\u201eVeranstaltungen\u201c<\/span> weiterlesen<\/a><\/p>\n","protected":false},"author":1,"featured_media":0,"parent":0,"menu_order":0,"comment_status":"closed","ping_status":"closed","template":"","meta":{"footnotes":""},"class_list":["post-360","page","type-page","status-publish","hentry"],"_links":{"self":[{"href":"https:\/\/xn--freilichtbhne-hannmnden-lpcj.de\/index.php?rest_route=\/wp\/v2\/pages\/360","targetHints":{"allow":["GET"]}}],"collection":[{"href":"https:\/\/xn--freilichtbhne-hannmnden-lpcj.de\/index.php?rest_route=\/wp\/v2\/pages"}],"about":[{"href":"https:\/\/xn--freilichtbhne-hannmnden-lpcj.de\/index.php?rest_route=\/wp\/v2\/types\/page"}],"author":[{"embeddable":true,"href":"https:\/\/xn--freilichtbhne-hannmnden-lpcj.de\/index.php?rest_route=\/wp\/v2\/users\/1"}],"replies":[{"embeddable":true,"href":"https:\/\/xn--freilichtbhne-hannmnden-lpcj.de\/index.php?rest_route=%2Fwp%2Fv2%2Fcomments&post=360"}],"version-history":[{"count":163,"href":"https:\/\/xn--freilichtbhne-hannmnden-lpcj.de\/index.php?rest_route=\/wp\/v2\/pages\/360\/revisions"}],"predecessor-version":[{"id":1981,"href":"https:\/\/xn--freilichtbhne-hannmnden-lpcj.de\/index.php?rest_route=\/wp\/v2\/pages\/360\/revisions\/1981"}],"wp:attachment":[{"href":"https:\/\/xn--freilichtbhne-hannmnden-lpcj.de\/index.php?rest_route=%2Fwp%2Fv2%2Fmedia&parent=360"}],"curies":[{"name":"wp","href":"https:\/\/api.w.org\/{rel}","templated":true}]}}