{"id":480,"date":"2019-11-28T14:30:38","date_gmt":"2019-11-28T14:30:38","guid":{"rendered":"http:\/\/xn--freilichtbhne-hannmnden-lpcj.de\/?page_id=480"},"modified":"2019-12-06T09:46:49","modified_gmt":"2019-12-06T09:46:49","slug":"480-2","status":"publish","type":"page","link":"https:\/\/xn--freilichtbhne-hannmnden-lpcj.de\/?page_id=480","title":{"rendered":"Zeitdokumente aus dem 3. Reich"},"content":{"rendered":"\n<p class=\"has-background has-very-light-gray-background-color\"><em>Auch die Freilichtb\u00fchne wurde&nbsp;wie&nbsp; viele Vereine&nbsp;von den Nationalsozialisten vereinnahmt und missbraucht. Hier einige Dokumente aus dieser Zeit.<\/em><\/p>\n\n\n\n<p><a href=\"https:\/\/xn--freilichtbhne-hannmnden-lpcj.de\/wp-content\/uploads\/2019\/12\/Teil_01_29.05.1934_Freilichtb\u00fchne-oder-nicht.pdf\">Teil 01 &#8211; 29.05.1934 &#8211; Freilichtb\u00fchne oder nicht<\/a><\/p>\n\n\n\n<p><a href=\"https:\/\/xn--freilichtbhne-hannmnden-lpcj.de\/wp-content\/uploads\/2019\/12\/Teil_02_18.06.1934_Was-ihr-wollt.pdf\">Teil 02 &#8211; 18.06.1934 &#8211; Was ihr wollt<\/a><\/p>\n\n\n\n<p><a href=\"https:\/\/xn--freilichtbhne-hannmnden-lpcj.de\/wp-content\/uploads\/2019\/12\/Teil_03_07.07.1934_Wenn-der-Hahn-kr\u00e4ht.pdf\">Teil 03 &#8211; 07.07.1934 &#8211; Wenn der Hahn kr\u00e4ht<\/a><\/p>\n\n\n\n<p><a href=\"https:\/\/xn--freilichtbhne-hannmnden-lpcj.de\/wp-content\/uploads\/2019\/12\/Teil_04_Juli1934_Dornr\u00f6\u00dfchen-im-Tannenkamp.pdf\">Teil 04 &#8211; Juli1934 &#8211; Dornr\u00f6\u00dfchen im Tannenkamp<\/a><\/p>\n\n\n\n<p><a href=\"https:\/\/xn--freilichtbhne-hannmnden-lpcj.de\/wp-content\/uploads\/2019\/12\/Teil_05_Juli1934_Die-R\u00e4uber.pdf\">Teil 05 &#8211; Juli1934 &#8211; Die R\u00e4uber<\/a><\/p>\n\n\n\n<p><a href=\"https:\/\/xn--freilichtbhne-hannmnden-lpcj.de\/wp-content\/uploads\/2019\/12\/Teil_06_August1934_Die-Braut-von-Messina.pdf\">Teil 06 &#8211; August1934 &#8211; Die Braut von Messina<\/a><\/p>\n\n\n\n<p><a href=\"https:\/\/xn--freilichtbhne-hannmnden-lpcj.de\/wp-content\/uploads\/2019\/12\/Teil_07_August1934_Aus-der-G\u00f6tter-und-Heldensage_Freilichtb\u00fchnenspiele-am-Wochenende.pdf\">Teil 07 &#8211; August1934 &#8211; Aus der G\u00f6tter- und Heldensage<\/a><\/p>\n\n\n\n<p><a href=\"https:\/\/xn--freilichtbhne-hannmnden-lpcj.de\/wp-content\/uploads\/2019\/12\/Teil_08_04.04.1935_Unser-Verkehrsverein-wirbt.pdf\">Teil 08 &#8211; 04.04.1935 &#8211; Unser Verkehrsverein wirbt<\/a><\/p>\n\n\n\n<p><a href=\"https:\/\/xn--freilichtbhne-hannmnden-lpcj.de\/wp-content\/uploads\/2019\/12\/Teil_09_10.04.1935_Unsere-Freilichtb\u00fchne-ruft.pdf\">Teil 09 &#8211; 10.04.1935 &#8211; Unsere Freilichtb\u00fchne ruft<\/a><\/p>\n\n\n\n<p><a href=\"https:\/\/xn--freilichtbhne-hannmnden-lpcj.de\/wp-content\/uploads\/2019\/12\/Teil_10_Mai1935_M\u00fcndener-Deine-Freilichtb\u00fchne-ruft-Dich.pdf\">Teil 10 &#8211; Mai1935 &#8211; M\u00fcndener, Deine Freilichtb\u00fchne ruft Dich<\/a><\/p>\n\n\n\n<p><a href=\"https:\/\/xn--freilichtbhne-hannmnden-lpcj.de\/wp-content\/uploads\/2019\/12\/Teil_11_Juni1935_Prinz-von-Homburg_Die-eindrucksvolle-erste-Abendveranstaltung-auf-unserer-Freilichtb\u00fchne.pdf\">Teil 11 &#8211; Juni1935 &#8211; Prinz von Homburg<\/a><\/p>\n\n\n\n<p><a href=\"https:\/\/xn--freilichtbhne-hannmnden-lpcj.de\/wp-content\/uploads\/2019\/12\/Teil_12_14.07.1935_Krach-um-Jolanthe.pdf\">Teil 12 &#8211; 14.07.1935 &#8211; Krach um Jolanthe<\/a><\/p>\n\n\n\n<p><a href=\"https:\/\/xn--freilichtbhne-hannmnden-lpcj.de\/wp-content\/uploads\/2019\/12\/Teil_13_01.08.1935_Uta-von-Naumburg.pdf\">Teil 13 &#8211; 01.08.1935 &#8211; Uta von Naumburg<\/a><\/p>\n\n\n\n<p><a href=\"https:\/\/xn--freilichtbhne-hannmnden-lpcj.de\/wp-content\/uploads\/2019\/12\/Teil_14_12.08.1935_Minna-von-Barnhelm.pdf\">Teil 14 &#8211; 12.08.1935 &#8211; Minna von Barnhelm<\/a><\/p>\n\n\n\n<p><a href=\"https:\/\/xn--freilichtbhne-hannmnden-lpcj.de\/wp-content\/uploads\/2019\/12\/Teil_15_August1935_Die-elf-Teufel-1.pdf\">Teil 15 &#8211; August1935 &#8211; Die elf Teufel<\/a><\/p>\n\n\n\n<p><a href=\"https:\/\/xn--freilichtbhne-hannmnden-lpcj.de\/wp-content\/uploads\/2019\/12\/Teil_16_18.06.1936_Die-Niebelungen.pdf\">Teil 16 &#8211; 18.06.1936 &#8211; Die Niebelungen<\/a><\/p>\n\n\n\n<p><a href=\"https:\/\/xn--freilichtbhne-hannmnden-lpcj.de\/wp-content\/uploads\/2019\/12\/Teil_17_22.06.1936_Lachen-\u00fcber-Anna-Susanna.pdf\">Teil 17 &#8211; 22.06.1936 &#8211; Lachen \u00fcber Anna Susanna<\/a><\/p>\n\n\n\n<p><a href=\"https:\/\/xn--freilichtbhne-hannmnden-lpcj.de\/wp-content\/uploads\/2019\/12\/Teil_18_25.06.1936_Schneewei\u00dfchen-und-Rosenrot.pdf\">Teil 18 &#8211; 25.06.1936 &#8211; Schneewei\u00dfchen und Rosenrot<\/a><\/p>\n\n\n\n<p><a href=\"https:\/\/xn--freilichtbhne-hannmnden-lpcj.de\/wp-content\/uploads\/2019\/12\/Teil_19_09.07.1936_G\u00f6tz-von-Berlichingen.pdf\">Teil 19 &#8211; 09.07.1936 &#8211; G\u00f6tz von Berlichingen<\/a><\/p>\n\n\n\n<p><a href=\"https:\/\/xn--freilichtbhne-hannmnden-lpcj.de\/wp-content\/uploads\/2019\/12\/Teil_20_20.07.1936_Der-Sprung-aus-dem-Alltag.pdf\">Teil 20 &#8211; 20.07.1936 &#8211; Der Sprung aus dem Alltag<\/a><\/p>\n\n\n\n<p><a href=\"https:\/\/xn--freilichtbhne-hannmnden-lpcj.de\/wp-content\/uploads\/2019\/12\/Teil_21_15.08.1936_Sommernachtstraum.pdf\">Teil 21 &#8211; 15.08.1936 &#8211; Sommernachtstraum<\/a><\/p>\n\n\n\n<p><a href=\"https:\/\/xn--freilichtbhne-hannmnden-lpcj.de\/wp-content\/uploads\/2019\/12\/Teil_22_17.02.1937_Vorbereitung-f\u00fcr-den-Sommer_1937.pdf\">Teil 22 &#8211; 17.02.1937 &#8211; Vorbereitung f\u00fcr den Sommer 1937<\/a><\/p>\n\n\n\n<p><a href=\"https:\/\/xn--freilichtbhne-hannmnden-lpcj.de\/wp-content\/uploads\/2019\/12\/Teil_23_Mai1937_Die-Freier.pdf\">Teil 23 &#8211; Mai 1937 &#8211; Die Freier<\/a><\/p>\n\n\n\n<p><a href=\"https:\/\/xn--freilichtbhne-hannmnden-lpcj.de\/wp-content\/uploads\/2019\/12\/Teil_24_1937_Jungfrau-von-Orleans_Starker-Erfolg-im-M\u00fcndener-Tannenkamp.pdf\">Teil 24 &#8211; 1937 &#8211;  Jungfrau von Orleans, Starker Erfolg im M\u00fcndener Tannenkamp<\/a><\/p>\n\n\n\n<p><a href=\"https:\/\/xn--freilichtbhne-hannmnden-lpcj.de\/wp-content\/uploads\/2019\/12\/Teil_25_11.07.1938_Heimliche-Brautfahrt.pdf\">Teil 25 &#8211; 11.07.1938 &#8211; Heimliche Brautfahrt<\/a><\/p>\n\n\n\n<p><a href=\"https:\/\/xn--freilichtbhne-hannmnden-lpcj.de\/wp-content\/uploads\/2019\/12\/Teil_26_21.07.1938_Thors-Gast.pdf\">Teil 26 &#8211; 21.07.1938 &#8211; Thors Gast<\/a><\/p>\n\n\n\n<p><a href=\"https:\/\/xn--freilichtbhne-hannmnden-lpcj.de\/wp-content\/uploads\/2019\/12\/Teil_27_August1938_F\u00fcr-die-Katz.pdf\">Teil 27 &#8211; August 1938 &#8211; F\u00fcr die Katz<\/a><\/p>\n\n\n\n<p><a href=\"https:\/\/xn--freilichtbhne-hannmnden-lpcj.de\/wp-content\/uploads\/2019\/12\/Teil_28_15.08.1938_Feierstunde-unter-n\u00e4chtlichem-Himmel.pdf\">Teil 28 &#8211; 15.08.1938 &#8211; Feierstunde unter n\u00e4chtlichem Himmel<\/a><\/p>\n\n\n\n<p><a href=\"https:\/\/xn--freilichtbhne-hannmnden-lpcj.de\/wp-content\/uploads\/2019\/12\/Teil_29_05.06.1939_Ein-ganzer-Kerl.pdf\">Teil 29 &#8211; 05.06.1939 &#8211; Ein ganzer Kerl<\/a><\/p>\n\n\n\n<p><a href=\"https:\/\/xn--freilichtbhne-hannmnden-lpcj.de\/wp-content\/uploads\/2019\/12\/Teil_30_01.08.1939_Der_Widerspenstigen_Z\u00e4hmung.pdf\">Teil 30 &#8211; 01.08.1939 &#8211; Der Widerspenstigen Z\u00e4hmung<\/a><\/p>\n\n\n\n<p><a href=\"https:\/\/xn--freilichtbhne-hannmnden-lpcj.de\/wp-content\/uploads\/2019\/12\/Teil_31_23.06.1941_Amphitryon.pdf\">Teil 31 &#8211; 23.06.1941 &#8211; Amphitryon<\/a><\/p>\n\n\n\n<p><a href=\"https:\/\/xn--freilichtbhne-hannmnden-lpcj.de\/wp-content\/uploads\/2019\/12\/Teil_32_05.07.1941_Kinderlachen_im_Tannenkamp.pdf\">Teil 32 &#8211; 05.07.1941 &#8211; Kinderlachen im Tannenkamp<\/a><\/p>\n","protected":false},"excerpt":{"rendered":"<p>Auch die Freilichtb\u00fchne wurde&nbsp;wie&nbsp; viele Vereine&nbsp;von den Nationalsozialisten vereinnahmt und missbraucht. Hier einige Dokumente aus dieser Zeit. Teil 01 &#8211; 29.05.1934 &#8211; Freilichtb\u00fchne oder nicht Teil 02 &#8211; 18.06.1934 &#8211; Was ihr wollt Teil 03 &#8211; 07.07.1934 &#8211; Wenn der Hahn kr\u00e4ht Teil 04 &#8211; Juli1934 &#8211; Dornr\u00f6\u00dfchen im Tannenkamp Teil 05 &#8211; Juli1934 &#8211; &hellip; <\/p>\n<p class=\"link-more\"><a href=\"https:\/\/xn--freilichtbhne-hannmnden-lpcj.de\/?page_id=480\" class=\"more-link\"><span class=\"screen-reader-text\">\u201eZeitdokumente aus dem 3. Reich\u201c<\/span> weiterlesen<\/a><\/p>\n","protected":false},"author":1,"featured_media":0,"parent":24,"menu_order":0,"comment_status":"closed","ping_status":"closed","template":"","meta":{"footnotes":""},"class_list":["post-480","page","type-page","status-publish","hentry"],"_links":{"self":[{"href":"https:\/\/xn--freilichtbhne-hannmnden-lpcj.de\/index.php?rest_route=\/wp\/v2\/pages\/480","targetHints":{"allow":["GET"]}}],"collection":[{"href":"https:\/\/xn--freilichtbhne-hannmnden-lpcj.de\/index.php?rest_route=\/wp\/v2\/pages"}],"about":[{"href":"https:\/\/xn--freilichtbhne-hannmnden-lpcj.de\/index.php?rest_route=\/wp\/v2\/types\/page"}],"author":[{"embeddable":true,"href":"https:\/\/xn--freilichtbhne-hannmnden-lpcj.de\/index.php?rest_route=\/wp\/v2\/users\/1"}],"replies":[{"embeddable":true,"href":"https:\/\/xn--freilichtbhne-hannmnden-lpcj.de\/index.php?rest_route=%2Fwp%2Fv2%2Fcomments&post=480"}],"version-history":[{"count":73,"href":"https:\/\/xn--freilichtbhne-hannmnden-lpcj.de\/index.php?rest_route=\/wp\/v2\/pages\/480\/revisions"}],"predecessor-version":[{"id":619,"href":"https:\/\/xn--freilichtbhne-hannmnden-lpcj.de\/index.php?rest_route=\/wp\/v2\/pages\/480\/revisions\/619"}],"up":[{"embeddable":true,"href":"https:\/\/xn--freilichtbhne-hannmnden-lpcj.de\/index.php?rest_route=\/wp\/v2\/pages\/24"}],"wp:attachment":[{"href":"https:\/\/xn--freilichtbhne-hannmnden-lpcj.de\/index.php?rest_route=%2Fwp%2Fv2%2Fmedia&parent=480"}],"curies":[{"name":"wp","href":"https:\/\/api.w.org\/{rel}","templated":true}]}}