{"id":55,"date":"2019-11-07T08:15:22","date_gmt":"2019-11-07T08:15:22","guid":{"rendered":"http:\/\/xn--freilichtbhne-hannmnden-lpcj.de\/?page_id=55"},"modified":"2025-08-16T09:31:35","modified_gmt":"2025-08-16T09:31:35","slug":"umbau-der-freilichtbuehne","status":"publish","type":"page","link":"https:\/\/xn--freilichtbhne-hannmnden-lpcj.de\/?page_id=55","title":{"rendered":"Umbau der Freilichtb\u00fchne"},"content":{"rendered":"<div class=\"wp-block-image\">\n<figure class=\"aligncenter size-medium\"><img loading=\"lazy\" decoding=\"async\" width=\"300\" height=\"300\" src=\"https:\/\/xn--freilichtbhne-hannmnden-lpcj.de\/wp-content\/uploads\/2025\/08\/d2be9e04-6e19-412c-ba9e-7583fa7e767e-300x300.jpeg\" alt=\"\" class=\"wp-image-1748\" srcset=\"https:\/\/xn--freilichtbhne-hannmnden-lpcj.de\/wp-content\/uploads\/2025\/08\/d2be9e04-6e19-412c-ba9e-7583fa7e767e-300x300.jpeg 300w, https:\/\/xn--freilichtbhne-hannmnden-lpcj.de\/wp-content\/uploads\/2025\/08\/d2be9e04-6e19-412c-ba9e-7583fa7e767e-150x150.jpeg 150w, https:\/\/xn--freilichtbhne-hannmnden-lpcj.de\/wp-content\/uploads\/2025\/08\/d2be9e04-6e19-412c-ba9e-7583fa7e767e-768x768.jpeg 768w, https:\/\/xn--freilichtbhne-hannmnden-lpcj.de\/wp-content\/uploads\/2025\/08\/d2be9e04-6e19-412c-ba9e-7583fa7e767e-100x100.jpeg 100w, https:\/\/xn--freilichtbhne-hannmnden-lpcj.de\/wp-content\/uploads\/2025\/08\/d2be9e04-6e19-412c-ba9e-7583fa7e767e.jpeg 1024w\" sizes=\"auto, (max-width: 300px) 100vw, 300px\" \/><\/figure><\/div>\n\n\n<p class=\"has-very-light-gray-background-color has-background\">Im Sommer 2002 findet ein Theaterseminar auf der Freilichtb\u00fchne statt. Dabei sind auch ein Gro\u00dfteil der Spieler der ehemaligen Laubacher Theatergruppe.<\/p>\n\n\n<div class=\"wp-block-image\">\n<figure class=\"alignright\"><img decoding=\"async\" src=\"https:\/\/xn--freilichtbhne-hannmnden-lpcj.de\/wp-content\/uploads\/2019\/11\/buehne_klein.jpg\" alt=\"\"\/><\/figure><\/div>\n\n\n<figure class=\"wp-block-image\"><img decoding=\"async\" src=\"https:\/\/xn--freilichtbhne-hannmnden-lpcj.de\/wp-content\/uploads\/2019\/11\/seminar_klein.jpg\" alt=\"\"\/><\/figure>\n\n\n\n<p class=\"has-very-light-gray-background-color has-background\"><br>Die Seminarteilnehmer sind von der verfallenen, aber idyllisch gelegenen Anlage begeistert. Einige von ihnen gr\u00fcnden den Verein &#8222;Die Spielb\u00fchne&#8220; e.V., der es sich zur Aufgabe machen will, neben ihrem Theaterspiel auch die B\u00fchne im Wald neu zu beleben.<br>Sommer 2002: Theaterseminar auf der verfallenen Freilichtb\u00fchne in Hann.M\u00fcnden<br>Im Mai 2003 findet ein Rockkonzert privater Initiatoren (Damion und Melanie T\u00f6nnies)auf der Waldb\u00fchne statt.<br>Im Januar 2004 erwirbt &#8222;Die Spielb\u00fchne&#8220; ein 5j\u00e4hriges Nutzungsrecht an der B\u00fchne.<br>Himmelfahrt 2004 feiert die evangelisch reformierte Gemeinde ihren allj\u00e4hrlichen Gottesdienst und im Sommer 2004 findet ein letztes Mal ein Open Air Rockfestival durch die alten Betreiber statt.<\/p>\n\n\n\n<p class=\"has-very-light-gray-background-color has-background\"><br><br><strong>Renovierung<\/strong><br><br>Im Fr\u00fchjahr und Sommer 2005 beginnen die ersten Renovierungsarbeiten. Ein Aufruf an die Bev\u00f6lkerung, die B\u00fchne zu s\u00e4ubern, hat nur m\u00e4\u00dfigen Erfolg.<br>Die Firma Pethran zieht den Boden im Zuschauerraum ab und begradigt ihn. Ebenso werden die Wege neu geschoben und alles wird mit Schotter befestigt.<\/p>\n\n\n<div class=\"wp-block-image\">\n<figure class=\"alignright\"><img decoding=\"async\" src=\"https:\/\/xn--freilichtbhne-hannmnden-lpcj.de\/wp-content\/uploads\/2019\/11\/umbau03_small.jpg\" alt=\"\"\/><\/figure><\/div>\n\n<div class=\"wp-block-image\">\n<figure class=\"alignleft\"><img decoding=\"async\" src=\"https:\/\/xn--freilichtbhne-hannmnden-lpcj.de\/wp-content\/uploads\/2019\/11\/umbau_02_small.jpg\" alt=\"\"\/><\/figure><\/div>\n\n<div class=\"wp-block-image\">\n<figure class=\"alignright\"><img decoding=\"async\" src=\"https:\/\/xn--freilichtbhne-hannmnden-lpcj.de\/wp-content\/uploads\/2019\/11\/umbau_01_small.jpg\" alt=\"\"\/><\/figure><\/div>\n\n<div class=\"wp-block-image\">\n<figure class=\"alignleft\"><img decoding=\"async\" src=\"https:\/\/xn--freilichtbhne-hannmnden-lpcj.de\/wp-content\/uploads\/2019\/11\/ren_04_small.jpg\" alt=\"\"\/><\/figure><\/div>\n\n<div class=\"wp-block-image\">\n<figure class=\"alignright\"><img decoding=\"async\" src=\"https:\/\/xn--freilichtbhne-hannmnden-lpcj.de\/wp-content\/uploads\/2019\/11\/ren_05_small.jpg\" alt=\"\"\/><\/figure><\/div>\n\n<div class=\"wp-block-image\">\n<figure class=\"alignleft\"><img decoding=\"async\" src=\"https:\/\/xn--freilichtbhne-hannmnden-lpcj.de\/wp-content\/uploads\/2019\/11\/ren_07_small.jpg\" alt=\"\"\/><\/figure><\/div>\n\n<div class=\"wp-block-image\">\n<figure class=\"alignright\"><img decoding=\"async\" src=\"https:\/\/xn--freilichtbhne-hannmnden-lpcj.de\/wp-content\/uploads\/2019\/11\/ren_08_small.jpg\" alt=\"\"\/><\/figure><\/div>\n\n\n<figure class=\"wp-block-image\"><img decoding=\"async\" src=\"https:\/\/xn--freilichtbhne-hannmnden-lpcj.de\/wp-content\/uploads\/2019\/11\/ren_09_small.jpg\" alt=\"\"\/><\/figure>\n\n\n\n<p class=\"has-background\" style=\"background-color:#eff6f9\"><br>Die Firma Kirchner besorgt mit den Jugendlichen vom IB (Internationaler Bund) neue Steine, um die&nbsp;maroden Mauern zu reparieren.<br>Die Jugendlichen von der Jugendhilfe M\u00fcnden befreien die Mauern von Moos und s\u00e4ubern sie.<br>Vom S\u00e4gewerk Oberweser erhalten wir verg\u00fcnstigt Holz, damit der IB &#8222;die Bretter, die die Welt&nbsp;bedeuten&#8220; verlegen k\u00f6nnen.<br>Im Jahr 2006 werden 120 Meter Leerrohre f\u00fcr Stromkabel (eine Spende der VHM) verlegt. Auch hier&nbsp;stellt die Firma Pethran einen Bagger mit Fahrer zur Verf\u00fcgung.<br>Den Anschluss an das Stra\u00dfennetz bezuschussen die VHM und die Firma Kirchner, die ebenfalls einen&nbsp;Baustromkasten f\u00fcr die Freilichtb\u00fchne zur Verf\u00fcgung stellt, so dass wir nun ohne L\u00e4rmbel\u00e4stigung f\u00fcr&nbsp;die Nachbarn (Kompressor am 20.8.2005 bei der Er\u00f6ffnungsveranstaltung) Veranstaltungen durchf\u00fchren k\u00f6nnen.<\/p>\n\n\n<div class=\"wp-block-image\">\n<figure class=\"alignleft\"><img decoding=\"async\" src=\"https:\/\/xn--freilichtbhne-hannmnden-lpcj.de\/wp-content\/uploads\/2019\/11\/ren_11_small.jpg\" alt=\"\"\/><\/figure><\/div>\n\n<div class=\"wp-block-image\">\n<figure class=\"alignright\"><img decoding=\"async\" src=\"https:\/\/xn--freilichtbhne-hannmnden-lpcj.de\/wp-content\/uploads\/2019\/11\/ren_10_small.jpg\" alt=\"\"\/><\/figure><\/div>\n\n<div class=\"wp-block-image\">\n<figure class=\"alignleft\"><img decoding=\"async\" src=\"https:\/\/xn--freilichtbhne-hannmnden-lpcj.de\/wp-content\/uploads\/2019\/11\/ren_12_small.jpg\" alt=\"\"\/><\/figure><\/div>\n\n<div class=\"wp-block-image\">\n<figure class=\"aligncenter\"><img decoding=\"async\" src=\"https:\/\/xn--freilichtbhne-hannmnden-lpcj.de\/wp-content\/uploads\/2019\/11\/ren_13_small.jpg\" alt=\"\"\/><\/figure><\/div>\n\n<div class=\"wp-block-image\">\n<figure class=\"aligncenter\"><img decoding=\"async\" src=\"https:\/\/xn--freilichtbhne-hannmnden-lpcj.de\/wp-content\/uploads\/2019\/11\/ren_14_small.jpg\" alt=\"\"\/><\/figure><\/div>\n\n\n<p><\/p>\n\n\n\n<p class=\"has-black-color has-text-color has-background\" style=\"background-color:#edf1f4\">Die ersten Veranstaltungen auf der Freilichtb\u00fchne mit&nbsp;Bio-\u00dcberwachung.<br>Ich kann mich noch sehr gut an die ersten Veranstaltungen auf der Freilichtb\u00fchne erinnern.Nach jeder Veranstaltung konnten wir das Equipment aus Zeitmangel nicht mehr abbauen. So beschlossen die 1. Vorsitzende Dagmar Horst und die 2. Vorsitzende Anke Herzmann (fr\u00fcher Wiesbaum) als Schutz abwechselnd auf der Freilichtb\u00fchne in unseren Autos und mit Hunden zu schlafen. Es war zwar etwas unbequem, aber Angst kannten wir nicht, denn falls sich jemand n\u00e4hern sollte, h\u00e4tten unsere Hunde angeschlagen. Es war gut, dass wir das in dieser Form gemacht haben, denn wir bekamen mehrmals nachts Besuch, der aber schnell verschwand, als er das Auto vor der B\u00fchne parken sah. Wir denken heute noch gerne an die Zeit zur\u00fcck. F\u00fcr uns war es etwas Besonderes!<\/p>\n\n\n\n<p><\/p>\n","protected":false},"excerpt":{"rendered":"<p>Im Sommer 2002 findet ein Theaterseminar auf der Freilichtb\u00fchne statt. Dabei sind auch ein Gro\u00dfteil der Spieler der ehemaligen Laubacher Theatergruppe. Die Seminarteilnehmer sind von der verfallenen, aber idyllisch gelegenen Anlage begeistert. Einige von ihnen gr\u00fcnden den Verein &#8222;Die Spielb\u00fchne&#8220; e.V., der es sich zur Aufgabe machen will, neben ihrem Theaterspiel auch die B\u00fchne im &hellip; <\/p>\n<p class=\"link-more\"><a href=\"https:\/\/xn--freilichtbhne-hannmnden-lpcj.de\/?page_id=55\" class=\"more-link\"><span class=\"screen-reader-text\">\u201eUmbau der Freilichtb\u00fchne\u201c<\/span> weiterlesen<\/a><\/p>\n","protected":false},"author":1,"featured_media":0,"parent":0,"menu_order":0,"comment_status":"closed","ping_status":"closed","template":"","meta":{"footnotes":""},"class_list":["post-55","page","type-page","status-publish","hentry"],"_links":{"self":[{"href":"https:\/\/xn--freilichtbhne-hannmnden-lpcj.de\/index.php?rest_route=\/wp\/v2\/pages\/55","targetHints":{"allow":["GET"]}}],"collection":[{"href":"https:\/\/xn--freilichtbhne-hannmnden-lpcj.de\/index.php?rest_route=\/wp\/v2\/pages"}],"about":[{"href":"https:\/\/xn--freilichtbhne-hannmnden-lpcj.de\/index.php?rest_route=\/wp\/v2\/types\/page"}],"author":[{"embeddable":true,"href":"https:\/\/xn--freilichtbhne-hannmnden-lpcj.de\/index.php?rest_route=\/wp\/v2\/users\/1"}],"replies":[{"embeddable":true,"href":"https:\/\/xn--freilichtbhne-hannmnden-lpcj.de\/index.php?rest_route=%2Fwp%2Fv2%2Fcomments&post=55"}],"version-history":[{"count":14,"href":"https:\/\/xn--freilichtbhne-hannmnden-lpcj.de\/index.php?rest_route=\/wp\/v2\/pages\/55\/revisions"}],"predecessor-version":[{"id":1760,"href":"https:\/\/xn--freilichtbhne-hannmnden-lpcj.de\/index.php?rest_route=\/wp\/v2\/pages\/55\/revisions\/1760"}],"wp:attachment":[{"href":"https:\/\/xn--freilichtbhne-hannmnden-lpcj.de\/index.php?rest_route=%2Fwp%2Fv2%2Fmedia&parent=55"}],"curies":[{"name":"wp","href":"https:\/\/api.w.org\/{rel}","templated":true}]}}